{"id":496,"date":"2020-10-23T00:37:49","date_gmt":"2020-10-23T03:37:49","guid":{"rendered":"http:\/\/190.107.177.247\/~latribu\/?page_id=496"},"modified":"2020-10-29T00:00:52","modified_gmt":"2020-10-29T03:00:52","slug":"grand-cru","status":"publish","type":"page","link":"https:\/\/www.latribuwines.com\/en\/grand-cru\/","title":{"rendered":"GRAND CRU"},"content":{"rendered":"\t\t<div data-elementor-type=\"wp-page\" data-elementor-id=\"496\" class=\"elementor elementor-496\" data-elementor-post-type=\"page\">\n\t\t\t\t\t\t<section class=\"elementor-section elementor-top-section elementor-element elementor-element-1ecf707 elementor-section-boxed elementor-section-height-default elementor-section-height-default\" data-id=\"1ecf707\" data-element_type=\"section\" data-e-type=\"section\" data-settings=\"{&quot;background_background&quot;:&quot;classic&quot;}\">\n\t\t\t\t\t\t<div class=\"elementor-container elementor-column-gap-default\">\n\t\t\t\t\t<div class=\"elementor-column elementor-col-50 elementor-top-column elementor-element elementor-element-4480729\" data-id=\"4480729\" data-element_type=\"column\" data-e-type=\"column\">\n\t\t\t<div class=\"elementor-widget-wrap elementor-element-populated\">\n\t\t\t\t\t\t<div class=\"elementor-element elementor-element-a88179e elementor-invisible elementor-widget elementor-widget-image\" data-id=\"a88179e\" data-element_type=\"widget\" data-e-type=\"widget\" data-settings=\"{&quot;_animation&quot;:&quot;fadeIn&quot;}\" data-widget_type=\"image.default\">\n\t\t\t\t<div class=\"elementor-widget-container\">\n\t\t\t\t\t\t\t\t\t\t\t\t\t\t\t<img decoding=\"async\" src=\"https:\/\/www.latribuwines.com\/wp-content\/uploads\/elementor\/thumbs\/Gran-Cru_94-oxlzvtso1fh4gxzg8ky9ymu2pmrtbri0bsnc6kykh4.jpg\" title=\"Gran Cru_94\" alt=\"Gran Cru_94\" loading=\"lazy\" \/>\t\t\t\t\t\t\t\t\t\t\t\t\t\t\t<\/div>\n\t\t\t\t<\/div>\n\t\t\t\t\t<\/div>\n\t\t<\/div>\n\t\t\t\t<div class=\"elementor-column elementor-col-50 elementor-top-column elementor-element elementor-element-cbd2884 elementor-invisible\" data-id=\"cbd2884\" data-element_type=\"column\" data-e-type=\"column\" data-settings=\"{&quot;animation&quot;:&quot;fadeInRight&quot;,&quot;animation_delay&quot;:200}\">\n\t\t\t<div class=\"elementor-widget-wrap elementor-element-populated\">\n\t\t\t\t\t\t<div class=\"elementor-element elementor-element-492bfe5 elementor-widget elementor-widget-heading\" data-id=\"492bfe5\" data-element_type=\"widget\" data-e-type=\"widget\" data-widget_type=\"heading.default\">\n\t\t\t\t<div class=\"elementor-widget-container\">\n\t\t\t\t\t<h2 class=\"elementor-heading-title elementor-size-default\">GRAND CRU.<\/h2>\t\t\t\t<\/div>\n\t\t\t\t<\/div>\n\t\t\t\t<div class=\"elementor-element elementor-element-d4d5dea elementor-widget elementor-widget-text-editor\" data-id=\"d4d5dea\" data-element_type=\"widget\" data-e-type=\"widget\" data-widget_type=\"text-editor.default\">\n\t\t\t\t<div class=\"elementor-widget-container\">\n\t\t\t\t\t\t\t\t\t<p>60 % Cabernet Sauvignon, 18 % Syrah, 12% Carmenere, 10% Petit<br \/>Verdot<br \/>D.O MAIPO VALLEY<\/p><p>Alcohol: 14,5%<br \/>Sugar Residue: 3 g\/l<\/p><p><strong><span style=\"color: #caa668;\">COLOUR |<\/span><\/strong> Intense ruby red colour, with violet notes.<br \/><span style=\"color: #caa668;\"><strong>SMELL |<\/strong> <\/span>Fine aroma of toasted and smoked wood mixed with red fruits such as sweet cherries, strawberries and ripe plums, cassis, blueberries and blackberries.<br \/><strong><span style=\"color: #caa668;\">PALATE |<\/span> <\/strong>On the palate it is a combination of intense ripe red fruits, berries, cassis and elegant toast from its time in the aging of French barrels. Smooth and balanced tannins. With a long, complex and seductive finish.<\/p><p><strong><span style=\"color: #caa668;\">SAVE |<\/span> <\/strong>24 months in barrels of French origin.<br \/><strong><span style=\"color: #caa668;\">WINEMAKING |<\/span><\/strong> Harvest with bunches selected by hand in small gamelas to obtain the best fruit from the Vineyard and then be transformed into our icon wine. Cold treatment for 7 days at 10\u00baC, to extract color and aromas, then it is fermented at 26\u00ba-28\u00ba C where colored flavors and tannins are extracted. 14 days of post-fermentation and maceration to complete the process of extracting skin and seeds from the grape, then the wine is stored in new oak barrels, where malolactic fermentation takes place and is kept for 24<br \/>months.<\/p>\t\t\t\t\t\t\t\t<\/div>\n\t\t\t\t<\/div>\n\t\t\t\t<div class=\"elementor-element elementor-element-b8f0de8 elementor-widget elementor-widget-text-editor\" data-id=\"b8f0de8\" data-element_type=\"widget\" data-e-type=\"widget\" data-widget_type=\"text-editor.default\">\n\t\t\t\t<div class=\"elementor-widget-container\">\n\t\t\t\t\t\t\t\t\t<p>Ha sido creada con la mejor tecnolog\u00eda disponible para lograr vinos con altos est\u00e1ndares de calidad en cada uno de sus procesos, desde la fermentaci\u00f3n alcoh\u00f3lica y malol\u00e1ctica hasta la estabilizaci\u00f3n y crianza.<\/p>\t\t\t\t\t\t\t\t<\/div>\n\t\t\t\t<\/div>\n\t\t\t\t\t<\/div>\n\t\t<\/div>\n\t\t\t\t\t<\/div>\n\t\t<\/section>\n\t\t\t\t<\/div>\n\t\t","protected":false},"excerpt":{"rendered":"<p>GRAND CRU. 60 % Cabernet Sauvignon, 18 % Syrah, 12% Carmenere, 10% PetitVerdotD.O MAIPO VALLEY Alcohol: 14,5%Sugar Residue: 3 g\/l [&hellip;]<\/p>\n","protected":false},"author":1,"featured_media":0,"parent":0,"menu_order":0,"comment_status":"closed","ping_status":"closed","template":"","meta":{"site-sidebar-layout":"default","site-content-layout":"","ast-site-content-layout":"default","site-content-style":"default","site-sidebar-style":"default","ast-global-header-display":"","ast-banner-title-visibility":"","ast-main-header-display":"","ast-hfb-above-header-display":"","ast-hfb-below-header-display":"","ast-hfb-mobile-header-display":"","site-post-title":"","ast-breadcrumbs-content":"","ast-featured-img":"","footer-sml-layout":"","ast-disable-related-posts":"","theme-transparent-header-meta":"","adv-header-id-meta":"","stick-header-meta":"","header-above-stick-meta":"","header-main-stick-meta":"","header-below-stick-meta":"","astra-migrate-meta-layouts":"default","ast-page-background-enabled":"default","ast-page-background-meta":{"desktop":{"background-color":"var(--ast-global-color-5)","background-image":"","background-repeat":"repeat","background-position":"center center","background-size":"auto","background-attachment":"scroll","background-type":"","background-media":"","overlay-type":"","overlay-color":"","overlay-opacity":"","overlay-gradient":""},"tablet":{"background-color":"","background-image":"","background-repeat":"repeat","background-position":"center center","background-size":"auto","background-attachment":"scroll","background-type":"","background-media":"","overlay-type":"","overlay-color":"","overlay-opacity":"","overlay-gradient":""},"mobile":{"background-color":"","background-image":"","background-repeat":"repeat","background-position":"center center","background-size":"auto","background-attachment":"scroll","background-type":"","background-media":"","overlay-type":"","overlay-color":"","overlay-opacity":"","overlay-gradient":""}},"ast-content-background-meta":{"desktop":{"background-color":"var(--ast-global-color-4)","background-image":"","background-repeat":"repeat","background-position":"center center","background-size":"auto","background-attachment":"scroll","background-type":"","background-media":"","overlay-type":"","overlay-color":"","overlay-opacity":"","overlay-gradient":""},"tablet":{"background-color":"var(--ast-global-color-4)","background-image":"","background-repeat":"repeat","background-position":"center center","background-size":"auto","background-attachment":"scroll","background-type":"","background-media":"","overlay-type":"","overlay-color":"","overlay-opacity":"","overlay-gradient":""},"mobile":{"background-color":"var(--ast-global-color-4)","background-image":"","background-repeat":"repeat","background-position":"center center","background-size":"auto","background-attachment":"scroll","background-type":"","background-media":"","overlay-type":"","overlay-color":"","overlay-opacity":"","overlay-gradient":""}},"footnotes":""},"class_list":["post-496","page","type-page","status-publish","hentry"],"yoast_head":"<!-- This site is optimized with the Yoast SEO plugin v27.3 - https:\/\/yoast.com\/product\/yoast-seo-wordpress\/ -->\n<title>GRAND CRU - La Tribu Wines<\/title>\n<meta name=\"robots\" content=\"index, follow, max-snippet:-1, max-image-preview:large, max-video-preview:-1\" \/>\n<link rel=\"canonical\" href=\"https:\/\/www.latribuwines.com\/grand-cru\/\" \/>\n<meta property=\"og:locale\" content=\"en_US\" \/>\n<meta property=\"og:type\" content=\"article\" \/>\n<meta property=\"og:title\" content=\"GRAND CRU - La Tribu Wines\" \/>\n<meta property=\"og:description\" content=\"GRAND CRU. 60 % Cabernet Sauvignon, 18 % Syrah, 12% Carmenere, 10% PetitVerdotD.O MAIPO VALLEY Alcohol: 14,5%Sugar Residue: 3 g\/l [&hellip;]\" \/>\n<meta property=\"og:url\" content=\"https:\/\/www.latribuwines.com\/grand-cru\/\" \/>\n<meta property=\"og:site_name\" content=\"La Tribu Wines\" \/>\n<meta property=\"article:modified_time\" content=\"2020-10-29T03:00:52+00:00\" \/>\n<meta property=\"og:image\" content=\"https:\/\/www.latribuwines.com\/wp-content\/uploads\/elementor\/thumbs\/Gran-Cru_94-oxlzvtso1fh4gxzg8ky9ymu2pmrtbri0bsnc6kykh4.jpg\" \/>\n<meta name=\"twitter:card\" content=\"summary_large_image\" \/>\n<meta name=\"twitter:label1\" content=\"Est. reading time\" \/>\n\t<meta name=\"twitter:data1\" content=\"1 minute\" \/>\n<script type=\"application\/ld+json\" class=\"yoast-schema-graph\">{\"@context\":\"https:\\\/\\\/schema.org\",\"@graph\":[{\"@type\":\"WebPage\",\"@id\":\"https:\\\/\\\/www.latribuwines.com\\\/grand-cru\\\/\",\"url\":\"https:\\\/\\\/www.latribuwines.com\\\/grand-cru\\\/\",\"name\":\"GRAND CRU - La Tribu Wines\",\"isPartOf\":{\"@id\":\"https:\\\/\\\/www.latribuwines.com\\\/#website\"},\"primaryImageOfPage\":{\"@id\":\"https:\\\/\\\/www.latribuwines.com\\\/grand-cru\\\/#primaryimage\"},\"image\":{\"@id\":\"https:\\\/\\\/www.latribuwines.com\\\/grand-cru\\\/#primaryimage\"},\"thumbnailUrl\":\"https:\\\/\\\/www.latribuwines.com\\\/wp-content\\\/uploads\\\/elementor\\\/thumbs\\\/Gran-Cru_94-oxlzvtso1fh4gxzg8ky9ymu2pmrtbri0bsnc6kykh4.jpg\",\"datePublished\":\"2020-10-23T03:37:49+00:00\",\"dateModified\":\"2020-10-29T03:00:52+00:00\",\"breadcrumb\":{\"@id\":\"https:\\\/\\\/www.latribuwines.com\\\/grand-cru\\\/#breadcrumb\"},\"inLanguage\":\"en-US\",\"potentialAction\":[{\"@type\":\"ReadAction\",\"target\":[\"https:\\\/\\\/www.latribuwines.com\\\/grand-cru\\\/\"]}]},{\"@type\":\"ImageObject\",\"inLanguage\":\"en-US\",\"@id\":\"https:\\\/\\\/www.latribuwines.com\\\/grand-cru\\\/#primaryimage\",\"url\":\"https:\\\/\\\/www.latribuwines.com\\\/wp-content\\\/uploads\\\/elementor\\\/thumbs\\\/Gran-Cru_94-oxlzvtso1fh4gxzg8ky9ymu2pmrtbri0bsnc6kykh4.jpg\",\"contentUrl\":\"https:\\\/\\\/www.latribuwines.com\\\/wp-content\\\/uploads\\\/elementor\\\/thumbs\\\/Gran-Cru_94-oxlzvtso1fh4gxzg8ky9ymu2pmrtbri0bsnc6kykh4.jpg\"},{\"@type\":\"BreadcrumbList\",\"@id\":\"https:\\\/\\\/www.latribuwines.com\\\/grand-cru\\\/#breadcrumb\",\"itemListElement\":[{\"@type\":\"ListItem\",\"position\":1,\"name\":\"Portada\",\"item\":\"https:\\\/\\\/www.latribuwines.com\\\/en\\\/\"},{\"@type\":\"ListItem\",\"position\":2,\"name\":\"GRAND CRU\"}]},{\"@type\":\"WebSite\",\"@id\":\"https:\\\/\\\/www.latribuwines.com\\\/#website\",\"url\":\"https:\\\/\\\/www.latribuwines.com\\\/\",\"name\":\"La Tribu Wines\",\"description\":\"Vinos Premium del Sur del Mundo\",\"publisher\":{\"@id\":\"https:\\\/\\\/www.latribuwines.com\\\/#organization\"},\"potentialAction\":[{\"@type\":\"SearchAction\",\"target\":{\"@type\":\"EntryPoint\",\"urlTemplate\":\"https:\\\/\\\/www.latribuwines.com\\\/?s={search_term_string}\"},\"query-input\":{\"@type\":\"PropertyValueSpecification\",\"valueRequired\":true,\"valueName\":\"search_term_string\"}}],\"inLanguage\":\"en-US\"},{\"@type\":\"Organization\",\"@id\":\"https:\\\/\\\/www.latribuwines.com\\\/#organization\",\"name\":\"Latribuwines\",\"url\":\"https:\\\/\\\/www.latribuwines.com\\\/\",\"logo\":{\"@type\":\"ImageObject\",\"inLanguage\":\"en-US\",\"@id\":\"https:\\\/\\\/www.latribuwines.com\\\/#\\\/schema\\\/logo\\\/image\\\/\",\"url\":\"https:\\\/\\\/www.latribuwines.com\\\/wp-content\\\/uploads\\\/2020\\\/10\\\/cropped-unnamed.png\",\"contentUrl\":\"https:\\\/\\\/www.latribuwines.com\\\/wp-content\\\/uploads\\\/2020\\\/10\\\/cropped-unnamed.png\",\"width\":512,\"height\":512,\"caption\":\"Latribuwines\"},\"image\":{\"@id\":\"https:\\\/\\\/www.latribuwines.com\\\/#\\\/schema\\\/logo\\\/image\\\/\"}}]}<\/script>\n<!-- \/ Yoast SEO plugin. -->","yoast_head_json":{"title":"GRAND CRU - La Tribu Wines","robots":{"index":"index","follow":"follow","max-snippet":"max-snippet:-1","max-image-preview":"max-image-preview:large","max-video-preview":"max-video-preview:-1"},"canonical":"https:\/\/www.latribuwines.com\/grand-cru\/","og_locale":"en_US","og_type":"article","og_title":"GRAND CRU - La Tribu Wines","og_description":"GRAND CRU. 60 % Cabernet Sauvignon, 18 % Syrah, 12% Carmenere, 10% PetitVerdotD.O MAIPO VALLEY Alcohol: 14,5%Sugar Residue: 3 g\/l [&hellip;]","og_url":"https:\/\/www.latribuwines.com\/grand-cru\/","og_site_name":"La Tribu Wines","article_modified_time":"2020-10-29T03:00:52+00:00","og_image":[{"url":"https:\/\/www.latribuwines.com\/wp-content\/uploads\/elementor\/thumbs\/Gran-Cru_94-oxlzvtso1fh4gxzg8ky9ymu2pmrtbri0bsnc6kykh4.jpg","type":"","width":"","height":""}],"twitter_card":"summary_large_image","twitter_misc":{"Est. reading time":"1 minute"},"schema":{"@context":"https:\/\/schema.org","@graph":[{"@type":"WebPage","@id":"https:\/\/www.latribuwines.com\/grand-cru\/","url":"https:\/\/www.latribuwines.com\/grand-cru\/","name":"GRAND CRU - La Tribu Wines","isPartOf":{"@id":"https:\/\/www.latribuwines.com\/#website"},"primaryImageOfPage":{"@id":"https:\/\/www.latribuwines.com\/grand-cru\/#primaryimage"},"image":{"@id":"https:\/\/www.latribuwines.com\/grand-cru\/#primaryimage"},"thumbnailUrl":"https:\/\/www.latribuwines.com\/wp-content\/uploads\/elementor\/thumbs\/Gran-Cru_94-oxlzvtso1fh4gxzg8ky9ymu2pmrtbri0bsnc6kykh4.jpg","datePublished":"2020-10-23T03:37:49+00:00","dateModified":"2020-10-29T03:00:52+00:00","breadcrumb":{"@id":"https:\/\/www.latribuwines.com\/grand-cru\/#breadcrumb"},"inLanguage":"en-US","potentialAction":[{"@type":"ReadAction","target":["https:\/\/www.latribuwines.com\/grand-cru\/"]}]},{"@type":"ImageObject","inLanguage":"en-US","@id":"https:\/\/www.latribuwines.com\/grand-cru\/#primaryimage","url":"https:\/\/www.latribuwines.com\/wp-content\/uploads\/elementor\/thumbs\/Gran-Cru_94-oxlzvtso1fh4gxzg8ky9ymu2pmrtbri0bsnc6kykh4.jpg","contentUrl":"https:\/\/www.latribuwines.com\/wp-content\/uploads\/elementor\/thumbs\/Gran-Cru_94-oxlzvtso1fh4gxzg8ky9ymu2pmrtbri0bsnc6kykh4.jpg"},{"@type":"BreadcrumbList","@id":"https:\/\/www.latribuwines.com\/grand-cru\/#breadcrumb","itemListElement":[{"@type":"ListItem","position":1,"name":"Portada","item":"https:\/\/www.latribuwines.com\/en\/"},{"@type":"ListItem","position":2,"name":"GRAND CRU"}]},{"@type":"WebSite","@id":"https:\/\/www.latribuwines.com\/#website","url":"https:\/\/www.latribuwines.com\/","name":"La Tribu Wines","description":"Vinos Premium del Sur del Mundo","publisher":{"@id":"https:\/\/www.latribuwines.com\/#organization"},"potentialAction":[{"@type":"SearchAction","target":{"@type":"EntryPoint","urlTemplate":"https:\/\/www.latribuwines.com\/?s={search_term_string}"},"query-input":{"@type":"PropertyValueSpecification","valueRequired":true,"valueName":"search_term_string"}}],"inLanguage":"en-US"},{"@type":"Organization","@id":"https:\/\/www.latribuwines.com\/#organization","name":"Latribuwines","url":"https:\/\/www.latribuwines.com\/","logo":{"@type":"ImageObject","inLanguage":"en-US","@id":"https:\/\/www.latribuwines.com\/#\/schema\/logo\/image\/","url":"https:\/\/www.latribuwines.com\/wp-content\/uploads\/2020\/10\/cropped-unnamed.png","contentUrl":"https:\/\/www.latribuwines.com\/wp-content\/uploads\/2020\/10\/cropped-unnamed.png","width":512,"height":512,"caption":"Latribuwines"},"image":{"@id":"https:\/\/www.latribuwines.com\/#\/schema\/logo\/image\/"}}]}},"jetpack_sharing_enabled":true,"_links":{"self":[{"href":"https:\/\/www.latribuwines.com\/en\/wp-json\/wp\/v2\/pages\/496","targetHints":{"allow":["GET"]}}],"collection":[{"href":"https:\/\/www.latribuwines.com\/en\/wp-json\/wp\/v2\/pages"}],"about":[{"href":"https:\/\/www.latribuwines.com\/en\/wp-json\/wp\/v2\/types\/page"}],"author":[{"embeddable":true,"href":"https:\/\/www.latribuwines.com\/en\/wp-json\/wp\/v2\/users\/1"}],"replies":[{"embeddable":true,"href":"https:\/\/www.latribuwines.com\/en\/wp-json\/wp\/v2\/comments?post=496"}],"version-history":[{"count":9,"href":"https:\/\/www.latribuwines.com\/en\/wp-json\/wp\/v2\/pages\/496\/revisions"}],"predecessor-version":[{"id":700,"href":"https:\/\/www.latribuwines.com\/en\/wp-json\/wp\/v2\/pages\/496\/revisions\/700"}],"wp:attachment":[{"href":"https:\/\/www.latribuwines.com\/en\/wp-json\/wp\/v2\/media?parent=496"}],"curies":[{"name":"wp","href":"https:\/\/api.w.org\/{rel}","templated":true}]}}